{"id":9,"date":"2022-08-23T07:50:47","date_gmt":"2022-08-23T07:50:47","guid":{"rendered":"https:\/\/sabor.wpengine.com\/?page_id=9"},"modified":"2025-02-10T08:39:36","modified_gmt":"2025-02-10T08:39:36","slug":"hjem","status":"publish","type":"page","link":"http:\/\/wearesabor.com\/","title":{"rendered":"Hjem"},"content":{"rendered":"<p>Sabor \u00e4r en professionell k\u00f6ksserie som \u00e4r utformad f\u00f6r hemmakocken. Med ergonomisk funktionalitet som uppfyller kraven f\u00f6r professionella k\u00f6k \u00e4r designen skr\u00e4ddarsydd f\u00f6r det skandinaviska k\u00f6ket. Sabor-produkterna k\u00e4nnetecknas av h\u00f6g kvalitet och g\u00f6r matlagningen b\u00e5de enklare och mer inspirerande!<\/p>","protected":false},"excerpt":{"rendered":"<p>Sabor \u00e4r en professionell k\u00f6ksserie som \u00e4r utformad f\u00f6r hemmakocken. Med ergonomisk funktionalitet som uppfyller kraven f\u00f6r professionella k\u00f6k \u00e4r designen skr\u00e4ddarsydd f\u00f6r det skandinaviska k\u00f6ket. Sabor-produkterna k\u00e4nnetecknas av h\u00f6g kvalitet och g\u00f6r matlagningen b\u00e5de enklare och mer inspirerande!<\/p>","protected":false},"author":2,"featured_media":740,"parent":0,"menu_order":0,"comment_status":"closed","ping_status":"closed","template":"","meta":{"_acf_changed":false,"footnotes":""},"class_list":["post-9","page","type-page","status-publish","hentry"],"acf":[],"yoast_head":"<!-- This site is optimized with the Yoast SEO plugin v27.3 - https:\/\/yoast.com\/product\/yoast-seo-wordpress\/ -->\n<title>Hjem - F\u00f8lelsen av kontroll. Smaken av \u00e5 lykkes.<\/title>\n<meta name=\"description\" content=\"Vi skal skape produkter og inspirasjon som hjelper folk \u00e5 lykkes ved komfyren.\" \/>\n<meta name=\"robots\" content=\"index, follow, max-snippet:-1, max-image-preview:large, max-video-preview:-1\" \/>\n<link rel=\"canonical\" href=\"http:\/\/wearesabor.com\/sv\/\" \/>\n<meta property=\"og:locale\" content=\"sv_SE\" \/>\n<meta property=\"og:type\" content=\"article\" \/>\n<meta property=\"og:title\" content=\"Hjem - F\u00f8lelsen av kontroll. Smaken av \u00e5 lykkes.\" \/>\n<meta property=\"og:description\" content=\"Vi skal skape produkter og inspirasjon som hjelper folk \u00e5 lykkes ved komfyren.\" \/>\n<meta property=\"og:url\" content=\"http:\/\/wearesabor.com\/sv\/\" \/>\n<meta property=\"og:site_name\" content=\"Sabor\" \/>\n<meta property=\"article:modified_time\" content=\"2025-02-10T08:39:36+00:00\" \/>\n<meta property=\"og:image\" content=\"https:\/\/d31pd0bjwrcd8b.cloudfront.net\/wp-content\/uploads\/2022\/07\/05145427\/296146363_577084847285656_7593111343847239570_n.jpg\" \/>\n\t<meta property=\"og:image:width\" content=\"1439\" \/>\n\t<meta property=\"og:image:height\" content=\"964\" \/>\n\t<meta property=\"og:image:type\" content=\"image\/jpeg\" \/>\n<meta name=\"twitter:card\" content=\"summary_large_image\" \/>\n<meta name=\"twitter:label1\" content=\"Ber\u00e4knad l\u00e4stid\" \/>\n\t<meta name=\"twitter:data1\" content=\"1 minut\" \/>\n<script type=\"application\/ld+json\" class=\"yoast-schema-graph\">{\"@context\":\"https:\\\/\\\/schema.org\",\"@graph\":[{\"@type\":\"WebPage\",\"@id\":\"http:\\\/\\\/wearesabor.com\\\/\",\"url\":\"http:\\\/\\\/wearesabor.com\\\/\",\"name\":\"Hjem - F\u00f8lelsen av kontroll. Smaken av \u00e5 lykkes.\",\"isPartOf\":{\"@id\":\"https:\\\/\\\/wearesabor.com\\\/sv\\\/#website\"},\"primaryImageOfPage\":{\"@id\":\"http:\\\/\\\/wearesabor.com\\\/#primaryimage\"},\"image\":{\"@id\":\"http:\\\/\\\/wearesabor.com\\\/#primaryimage\"},\"thumbnailUrl\":\"https:\\\/\\\/d31pd0bjwrcd8b.cloudfront.net\\\/wp-content\\\/uploads\\\/2022\\\/07\\\/05145427\\\/296146363_577084847285656_7593111343847239570_n.jpg\",\"datePublished\":\"2022-08-23T07:50:47+00:00\",\"dateModified\":\"2025-02-10T08:39:36+00:00\",\"description\":\"Vi skal skape produkter og inspirasjon som hjelper folk \u00e5 lykkes ved komfyren.\",\"breadcrumb\":{\"@id\":\"http:\\\/\\\/wearesabor.com\\\/#breadcrumb\"},\"inLanguage\":\"sv-SE\",\"potentialAction\":[{\"@type\":\"ReadAction\",\"target\":[\"http:\\\/\\\/wearesabor.com\\\/\"]}]},{\"@type\":\"ImageObject\",\"inLanguage\":\"sv-SE\",\"@id\":\"http:\\\/\\\/wearesabor.com\\\/#primaryimage\",\"url\":\"https:\\\/\\\/d31pd0bjwrcd8b.cloudfront.net\\\/wp-content\\\/uploads\\\/2022\\\/07\\\/05145427\\\/296146363_577084847285656_7593111343847239570_n.jpg\",\"contentUrl\":\"https:\\\/\\\/d31pd0bjwrcd8b.cloudfront.net\\\/wp-content\\\/uploads\\\/2022\\\/07\\\/05145427\\\/296146363_577084847285656_7593111343847239570_n.jpg\",\"width\":1439,\"height\":964},{\"@type\":\"BreadcrumbList\",\"@id\":\"http:\\\/\\\/wearesabor.com\\\/#breadcrumb\",\"itemListElement\":[{\"@type\":\"ListItem\",\"position\":1,\"name\":\"Home\",\"item\":\"http:\\\/\\\/wearesabor.com\\\/\"},{\"@type\":\"ListItem\",\"position\":2,\"name\":\"Home\"}]},{\"@type\":\"WebSite\",\"@id\":\"https:\\\/\\\/wearesabor.com\\\/sv\\\/#website\",\"url\":\"https:\\\/\\\/wearesabor.com\\\/sv\\\/\",\"name\":\"Sabor\",\"description\":\"\",\"publisher\":{\"@id\":\"https:\\\/\\\/wearesabor.com\\\/sv\\\/#organization\"},\"potentialAction\":[{\"@type\":\"SearchAction\",\"target\":{\"@type\":\"EntryPoint\",\"urlTemplate\":\"https:\\\/\\\/wearesabor.com\\\/sv\\\/?s={search_term_string}\"},\"query-input\":{\"@type\":\"PropertyValueSpecification\",\"valueRequired\":true,\"valueName\":\"search_term_string\"}}],\"inLanguage\":\"sv-SE\"},{\"@type\":\"Organization\",\"@id\":\"https:\\\/\\\/wearesabor.com\\\/sv\\\/#organization\",\"name\":\"Sabor\",\"url\":\"https:\\\/\\\/wearesabor.com\\\/sv\\\/\",\"logo\":{\"@type\":\"ImageObject\",\"inLanguage\":\"sv-SE\",\"@id\":\"https:\\\/\\\/wearesabor.com\\\/sv\\\/#\\\/schema\\\/logo\\\/image\\\/\",\"url\":\"https:\\\/\\\/sabor.wpengine.com\\\/wp-content\\\/uploads\\\/2022\\\/12\\\/Sabor-Logo-\u2013-dark.png\",\"contentUrl\":\"https:\\\/\\\/sabor.wpengine.com\\\/wp-content\\\/uploads\\\/2022\\\/12\\\/Sabor-Logo-\u2013-dark.png\",\"width\":200,\"height\":56,\"caption\":\"Sabor\"},\"image\":{\"@id\":\"https:\\\/\\\/wearesabor.com\\\/sv\\\/#\\\/schema\\\/logo\\\/image\\\/\"}}]}<\/script>\n<!-- \/ Yoast SEO plugin. -->","yoast_head_json":{"title":"Hjem - F\u00f8lelsen av kontroll. Smaken av \u00e5 lykkes.","description":"Vi skal skape produkter og inspirasjon som hjelper folk \u00e5 lykkes ved komfyren.","robots":{"index":"index","follow":"follow","max-snippet":"max-snippet:-1","max-image-preview":"max-image-preview:large","max-video-preview":"max-video-preview:-1"},"canonical":"http:\/\/wearesabor.com\/sv\/","og_locale":"sv_SE","og_type":"article","og_title":"Hjem - F\u00f8lelsen av kontroll. Smaken av \u00e5 lykkes.","og_description":"Vi skal skape produkter og inspirasjon som hjelper folk \u00e5 lykkes ved komfyren.","og_url":"http:\/\/wearesabor.com\/sv\/","og_site_name":"Sabor","article_modified_time":"2025-02-10T08:39:36+00:00","og_image":[{"width":1439,"height":964,"url":"https:\/\/d31pd0bjwrcd8b.cloudfront.net\/wp-content\/uploads\/2022\/07\/05145427\/296146363_577084847285656_7593111343847239570_n.jpg","type":"image\/jpeg"}],"twitter_card":"summary_large_image","twitter_misc":{"Ber\u00e4knad l\u00e4stid":"1 minut"},"schema":{"@context":"https:\/\/schema.org","@graph":[{"@type":"WebPage","@id":"http:\/\/wearesabor.com\/","url":"http:\/\/wearesabor.com\/","name":"Hjem - F\u00f8lelsen av kontroll. Smaken av \u00e5 lykkes.","isPartOf":{"@id":"https:\/\/wearesabor.com\/sv\/#website"},"primaryImageOfPage":{"@id":"http:\/\/wearesabor.com\/#primaryimage"},"image":{"@id":"http:\/\/wearesabor.com\/#primaryimage"},"thumbnailUrl":"https:\/\/d31pd0bjwrcd8b.cloudfront.net\/wp-content\/uploads\/2022\/07\/05145427\/296146363_577084847285656_7593111343847239570_n.jpg","datePublished":"2022-08-23T07:50:47+00:00","dateModified":"2025-02-10T08:39:36+00:00","description":"Vi skal skape produkter og inspirasjon som hjelper folk \u00e5 lykkes ved komfyren.","breadcrumb":{"@id":"http:\/\/wearesabor.com\/#breadcrumb"},"inLanguage":"sv-SE","potentialAction":[{"@type":"ReadAction","target":["http:\/\/wearesabor.com\/"]}]},{"@type":"ImageObject","inLanguage":"sv-SE","@id":"http:\/\/wearesabor.com\/#primaryimage","url":"https:\/\/d31pd0bjwrcd8b.cloudfront.net\/wp-content\/uploads\/2022\/07\/05145427\/296146363_577084847285656_7593111343847239570_n.jpg","contentUrl":"https:\/\/d31pd0bjwrcd8b.cloudfront.net\/wp-content\/uploads\/2022\/07\/05145427\/296146363_577084847285656_7593111343847239570_n.jpg","width":1439,"height":964},{"@type":"BreadcrumbList","@id":"http:\/\/wearesabor.com\/#breadcrumb","itemListElement":[{"@type":"ListItem","position":1,"name":"Home","item":"http:\/\/wearesabor.com\/"},{"@type":"ListItem","position":2,"name":"Home"}]},{"@type":"WebSite","@id":"https:\/\/wearesabor.com\/sv\/#website","url":"https:\/\/wearesabor.com\/sv\/","name":"Sabor","description":"","publisher":{"@id":"https:\/\/wearesabor.com\/sv\/#organization"},"potentialAction":[{"@type":"SearchAction","target":{"@type":"EntryPoint","urlTemplate":"https:\/\/wearesabor.com\/sv\/?s={search_term_string}"},"query-input":{"@type":"PropertyValueSpecification","valueRequired":true,"valueName":"search_term_string"}}],"inLanguage":"sv-SE"},{"@type":"Organization","@id":"https:\/\/wearesabor.com\/sv\/#organization","name":"Sabor","url":"https:\/\/wearesabor.com\/sv\/","logo":{"@type":"ImageObject","inLanguage":"sv-SE","@id":"https:\/\/wearesabor.com\/sv\/#\/schema\/logo\/image\/","url":"https:\/\/sabor.wpengine.com\/wp-content\/uploads\/2022\/12\/Sabor-Logo-\u2013-dark.png","contentUrl":"https:\/\/sabor.wpengine.com\/wp-content\/uploads\/2022\/12\/Sabor-Logo-\u2013-dark.png","width":200,"height":56,"caption":"Sabor"},"image":{"@id":"https:\/\/wearesabor.com\/sv\/#\/schema\/logo\/image\/"}}]}},"lang":"nb","translations":{"nb":9,"en":876},"_links":{"self":[{"href":"https:\/\/wearesabor.com\/sv\/wp-json\/wp\/v2\/pages\/9","targetHints":{"allow":["GET"]}}],"collection":[{"href":"https:\/\/wearesabor.com\/sv\/wp-json\/wp\/v2\/pages"}],"about":[{"href":"https:\/\/wearesabor.com\/sv\/wp-json\/wp\/v2\/types\/page"}],"author":[{"embeddable":true,"href":"https:\/\/wearesabor.com\/sv\/wp-json\/wp\/v2\/users\/2"}],"replies":[{"embeddable":true,"href":"https:\/\/wearesabor.com\/sv\/wp-json\/wp\/v2\/comments?post=9"}],"version-history":[{"count":0,"href":"https:\/\/wearesabor.com\/sv\/wp-json\/wp\/v2\/pages\/9\/revisions"}],"wp:featuredmedia":[{"embeddable":true,"href":"https:\/\/wearesabor.com\/sv\/wp-json\/wp\/v2\/media\/740"}],"wp:attachment":[{"href":"https:\/\/wearesabor.com\/sv\/wp-json\/wp\/v2\/media?parent=9"}],"curies":[{"name":"wp","href":"https:\/\/api.w.org\/{rel}","templated":true}]}}