{"id":790,"date":"2022-10-13T10:34:18","date_gmt":"2022-10-13T10:34:18","guid":{"rendered":"https:\/\/sabor.wpengine.com\/?page_id=790"},"modified":"2023-07-31T11:08:15","modified_gmt":"2023-07-31T11:08:15","slug":"personvernerklaering","status":"publish","type":"page","link":"https:\/\/wearesabor.com\/sv\/personvernerklaering\/","title":{"rendered":"Integritetspolicy"},"content":{"rendered":"<p>N\u00e5r du bruker www.wearesabor.no, gir du oss tilgang til opplysninger om deg. I denne personvernerkl\u00e6ringen forklarer vi hvordan vi behandler personopplysninger, hva slags personopplysninger disse behandlingsaktivitetene inneb\u00e6rer samt hvilket form\u00e5l og rettslig grunnlag disse aktivitetene har.<\/p>\n<hr \/>\n<h3>Hva er personopplysninger?<\/h3>\n<p>Personopplysninger er enhver opplysning om en identifisert eller identifiserbar fysisk person. For eksempel navn, bosted, telefonnummer, e-postadresse, IP-adresse.<\/p>\n<hr \/>\n<h3>Hvilke regler gjelder for h\u00e5ndtering av personopplysninger?<\/h3>\n<p>Nettside er behandlingsansvarlig for h\u00e5ndteringen av personopplysninger som samles inn ved bruk av v\u00e5re sider. Vi f\u00f8lger\u00a0<a href=\"https:\/\/lovdata.no\/dokument\/NL\/lov\/2000-04-14-31\">personopplysningsloven<\/a>\u00a0i behandlingen av personopplysninger.<\/p>\n<hr \/>\n<h3>Hvilken informasjon samles p\u00e5 www.wearesabor.no?<\/h3>\n<h3>Opplysninger vi samler inn<\/h3>\n<ul>\n<li><strong>Hvilken teknologi du bruker.<\/strong> Om du er p\u00e5 laptop, nettbrett eller mobil, hvilken nettleser du bruker, IP-adresse, nettverksoperat\u00f8r og lignende.<\/li>\n<li><strong>Hva du gj\u00f8r.<\/strong>\u00a0Hvilke sider du bes\u00f8ker, eventuelt produkter du enten kj\u00f8per eller laster ned.<\/li>\n<\/ul>\n<h3>Opplysninger du selv oppgir<\/h3>\n<ul>\n<li>Navn, adresse, tlf nummer<\/li>\n<li>Informasjonen lagres enten i v\u00e5re databaser eller p\u00e5 enheten du bruker (pc, mobiltelefon etc.).<\/li>\n<\/ul>\n<hr \/>\n<h3>Hva brukes informasjonen til?<\/h3>\n<p>Vi jobber hele tiden for \u00e5 gi deg en tilpasset og god opplevelse av www.wearesabor.no. Her er de viktigste form\u00e5lene vi bruker personopplysninger til:<\/p>\n<ol>\n<li><strong>Levere tjenestene du forventer av oss.<\/strong> For eksempel m\u00e5 vi ha e-postadressen din for at andre skal kunne kontakte deg.<\/li>\n<li><strong>Forst\u00e5 markedstrender og behov gjennom statistikk.<\/strong> Vi analyserer data for \u00e5 forbedre og videreutvikle tjenesten v\u00e5r.<\/li>\n<li><strong>Forhindre u\u00f8nsket eller kriminell aktivitet.<\/strong> Det er veldig viktig for oss \u00e5 sikre at www.wearesabor.no er en trygg sted. Derfor gj\u00f8r vi hva vi kan for \u00e5 forhindre u\u00f8nsket eller kriminell aktivitet. Vi bruker flere typer data for \u00e5 gjenkjenne regelbrudd og svindelfors\u00f8k, blant annet IP-adresser, informasjonskapsler.<\/li>\n<\/ol>\n<hr \/>\n<h3>Markedsf\u00f8ring og sp\u00f8rreunders\u00f8kelser<\/h3>\n<p>Vi kan sende deg tilbud om produkter og tjenester p\u00e5 e-post eller andre typer meldinger. Du kan velge \u00e5 takke nei til dette. All markedsf\u00f8ring vi sender ut p\u00e5 denne m\u00e5ten f\u00f8lger\u00a0<a href=\"https:\/\/lovdata.no\/dokument\/NL\/lov\/2009-01-09-2\">markedsf\u00f8ringsloven<\/a>.<\/p>\n<hr \/>\n<h3>Deles informasjon med andre?<\/h3>\n<p>www.wearesabor.no deler i enkelte tilfeller personopplysninger med andre bedrifter, organisasjoner og enkeltpersoner utenfor konsern. Dette er f\u00f8rst og fremst for \u00e5 kunne gi deg bedre og tryggere produkter og tjenester. Her er de viktigste eksemplene:<\/p>\n<ul>\n<li><strong>N\u00e5r andre utf\u00f8rer tjenester p\u00e5 v\u00e5re vegne.<\/strong> Dette kan f.eks. v\u00e6re n\u00e5r vi bruker en tredjepart til \u00e5 gjennomf\u00f8re betalingstransaksjoner, eller f.eks. verkt\u00f8y fra Google Analytics til \u00e5 analysere av bruken av v\u00e5re tjenester. Disse bedriftene har ikke lov til \u00e5 bruke denne informasjonen til noe annet enn \u00e5 utf\u00f8re tjenester for oss.<\/li>\n<li><strong>Offentlige myndigheter<\/strong> som Skatteetaten, Politiet kan i noen tilfeller kreve at vi utleverer informasjon. For eksempel kan vi p\u00e5legges \u00e5 utlevere annonse- og meldingshistorikk.<\/li>\n<li><strong>For \u00e5 hindre svindel eller avklare tvister<\/strong>\u00a0vil relevant informasjon kunne utleveres til tvistemotpart eller andre.<\/li>\n<\/ul>\n<hr \/>\n<h3>Sletting av personopplysninger<\/h3>\n<p>Vi lagrer ikke personopplysninger lenger og i st\u00f8rre grad enn det som er n\u00f8dvendig for \u00e5 oppfylle form\u00e5let med behandlingen med mindre det er lovp\u00e5lagt, for eksempel gjennom regnskapsloven. Vi har omfattende rutiner for sletting, identifisering og anonymisering av personopplysninger. Du kan selv be om \u00e5 f\u00e5 fjernet opplysninger.<\/p>\n<p>Hovedregelen er at personopplysninger lagres maksimalt i to \u00e5r. Hvor fort opplysninger slettes kan variere. Her ser du noen viktige eksempler:<\/p>\n<ul>\n<li>S\u00e5 lenge din konto er aktiv vil vi ta vare p\u00e5 dine persondata, annonser, meldinger og \u00f8vrig informasjon du registrerer.<\/li>\n<li>Informasjon om bruksm\u00f8nstre p\u00e5 www.wearesabor.no kan leve i opptil tre \u00e5r i v\u00e5re analysesystemer. Data her brukes til \u00e5 finne ut om v\u00e5re tjenester fungerer godt for publikum, og om den l\u00f8pende produktutviklingen vi gj\u00f8r bidrar til \u00e5 gj\u00f8re nettside bedre.<\/li>\n<li>Ber du om data sletting, vil vi fjerne personopplysninger. Av hensyn til mulige tvister vil personopplysningene ligge i v\u00e5re administrative systemer en tid f\u00f8r opplysningene slettes permanent.<\/li>\n<\/ul>\n<hr \/>\n<h3>Dine rettigheter<\/h3>\n<p>Det er dine data og du har sterke rettigheter; Du har rett til \u00e5 f\u00e5 innsyn i opplysningene dine. Du har ogs\u00e5 rett til \u00e5 f\u00e5 rettet eller slettet opplysninger vi har om deg i henhold til lovverket, eller du kan be om at behandlingen begrenses dersom du for eksempel mener at behandlingen er ulovlig. Noe data har du dessuten anledning til \u00e5 motta i et digitalt format eller overf\u00f8rt til andre virksomheter dersom du skulle \u00f8nske det; rett til s\u00e5kalt dataportabilitet. Dersom du ikke vet om vi behandler personopplysninger om deg kan du be om bekreftelse p\u00e5 dette ved \u00e5 kontakte oss.<\/p>\n<p>Nedenfor finner du informasjon om hvordan du kan benytte deg av dine rettigheter.<\/p>\n<ul>\n<li>Din rett til \u00e5 f\u00e5 se opplysninger vi behandler om deg (rett til innsyn). Du har rett til \u00e5 f\u00e5 se de opplysningene vi behandler om deg.<\/li>\n<li>Din rett til \u00e5 f\u00e5 rettet gale opplysninger. Du har rett til \u00e5 f\u00e5 feilaktig informasjon rettet. Dersom det er opplysninger du mener m\u00e5 rettes kan du kontakte oss.<\/li>\n<li>Din rett til \u00e5 f\u00e5 data slettet (\u201cretten til \u00e5 bli glemt\u201d). Du har som hovedregel rett til \u00e5 f\u00e5 slettet personopplysninger om deg. Du kan ogs\u00e5 be om sletting av data ved \u00e5 kontakte oss.<\/li>\n<li>Din rett til \u00e5 motsette deg og begrense behandling. I enkelte sammenhenger har vi anledning til \u00e5 behandle personopplysninger om personer dersom behandlingen er n\u00f8dvendig for \u00e5 oppfylle v\u00e5re legitime interesser, forutsatt at de registrertes rettigheter og friheter ikke veier tyngre. I slike tilfeller har du som registrert rett til \u00e5 protestere mot at vi behandler personopplysninger om deg. Som hovedregel vil vi da stanse denne behandlingen av personopplysninger, og dette gjelder uten unntak dersom form\u00e5let er direkte markedsf\u00f8ring. Du har ogs\u00e5 en i enkelte sammenhenger anledning til \u00e5 be om at behandlingen av dine personopplysninger stanses eller begrenses. Dersom du benytter deg av denne rettigheten kan opplysningene dine kun behandles basert p\u00e5 et samtykke fra deg eller for enkelte andre form\u00e5l som fremg\u00e5r direkte av personopplysningsloven. N\u00e6rmere informasjon om denne rettigheten finner du p\u00e5 hjemmesidene til Datatilsynet.<\/li>\n<li>Din rett til f\u00e5 kopi av dine data i et digitalt format (rett til dataportabilitet). Du har under enkelte omstendigheter rett til \u00e5 motta opplysninger som du har gitt oss i et digitalt format, og ogs\u00e5 rett til \u00e5 f\u00e5 informasjon overf\u00f8rt til en annen virksomhet dersom du \u00f8nsker dette og det er teknisk sett mulig og forsvarlig. Denne retten gjelder kun opplysninger som behandles med automatiserte metoder og som har grunnlag i samtykke fra deg eller som behandles som ledd i \u00e5 oppfylle en avtale med deg. Retten til dataportabilitet omfatter kun opplysninger som du har gitt oss, enten direkte gjennom for eksempel kontaktskjemaer eller som er generert gjennom din bruk av v\u00e5re tjenester. Du kan ogs\u00e5 be om dataportabilitet ved \u00e5 kontakte oss slik angitt lenger ned.<br \/>\nVi vil minne om at det er enkelte unntak fra rettighetene vi har beskrevet her. Disse unntakene f\u00f8lger av lovgivningen, og kan for eksempel inneb\u00e6re at det ikke gis innsyn i enkelte opplysninger p\u00e5 grunn av hensynet til andre personers rettigheter og friheter, eller at enkelte personopplysninger ikke kan slettes fordi lovkrav eller andre hensyn medf\u00f8rer krav til lagringstid.<\/li>\n<\/ul>\n<p><a href=\"https:\/\/www.datatilsynet.no\/regelverk-og-skjema\/personvernombud\/hvem-ma-ha-personvernombud\/\">https:\/\/www.datatilsynet.no\/regelverk-og-skjema\/personvernombud\/hvem-ma-ha-personvernombud\/<\/a><\/p>\n<hr \/>\n<h3><strong>Kontaktinformasjon<\/strong><\/h3>\n<p>Kontakt oss hvis du har sp\u00f8rsm\u00e5l eller kommentarer til v\u00e5r personvernpraksis eller denne personvernerkl\u00e6ringen.<\/p>\n<p>Du kan n\u00e5 oss med e-post p\u00e5: gdpr@dalema.no.<\/p>\n<p>Du kan n\u00e5 oss med vanlig post til: Industrivegen 1, 4344 Bryne, Norge<\/p>","protected":false},"excerpt":{"rendered":"<p>N\u00e5r du bruker www.wearesabor.no, gir du oss tilgang til opplysninger om deg. I denne personvernerkl\u00e6ringen forklarer vi hvordan vi behandler personopplysninger, hva slags personopplysninger disse behandlingsaktivitetene inneb\u00e6rer samt hvilket form\u00e5l og rettslig grunnlag disse aktivitetene har. Hva er personopplysninger? Personopplysninger er enhver opplysning om en identifisert eller identifiserbar fysisk person. For eksempel navn, bosted, telefonnummer, [&hellip;]<\/p>\n","protected":false},"author":1,"featured_media":0,"parent":0,"menu_order":0,"comment_status":"closed","ping_status":"closed","template":"","meta":{"_acf_changed":false,"footnotes":""},"class_list":["post-790","page","type-page","status-publish","hentry"],"acf":[],"yoast_head":"<!-- This site is optimized with the Yoast SEO plugin v27.3 - https:\/\/yoast.com\/product\/yoast-seo-wordpress\/ -->\n<title>Personvernerkl\u00e6ring - Sabor<\/title>\n<meta name=\"robots\" content=\"index, follow, max-snippet:-1, max-image-preview:large, max-video-preview:-1\" \/>\n<link rel=\"canonical\" href=\"https:\/\/wearesabor.com\/sv\/personvernerklaering\/\" \/>\n<meta property=\"og:locale\" content=\"sv_SE\" \/>\n<meta property=\"og:type\" content=\"article\" \/>\n<meta property=\"og:title\" content=\"Personvernerkl\u00e6ring - Sabor\" \/>\n<meta property=\"og:description\" content=\"N\u00e5r du bruker www.wearesabor.no, gir du oss tilgang til opplysninger om deg. I denne personvernerkl\u00e6ringen forklarer vi hvordan vi behandler personopplysninger, hva slags personopplysninger disse behandlingsaktivitetene inneb\u00e6rer samt hvilket form\u00e5l og rettslig grunnlag disse aktivitetene har. Hva er personopplysninger? Personopplysninger er enhver opplysning om en identifisert eller identifiserbar fysisk person. For eksempel navn, bosted, telefonnummer, [&hellip;]\" \/>\n<meta property=\"og:url\" content=\"https:\/\/wearesabor.com\/sv\/personvernerklaering\/\" \/>\n<meta property=\"og:site_name\" content=\"Sabor\" \/>\n<meta property=\"article:modified_time\" content=\"2023-07-31T11:08:15+00:00\" \/>\n<meta name=\"twitter:card\" content=\"summary_large_image\" \/>\n<meta name=\"twitter:label1\" content=\"Ber\u00e4knad l\u00e4stid\" \/>\n\t<meta name=\"twitter:data1\" content=\"7 minuter\" \/>\n<script type=\"application\/ld+json\" class=\"yoast-schema-graph\">{\"@context\":\"https:\\\/\\\/schema.org\",\"@graph\":[{\"@type\":\"WebPage\",\"@id\":\"https:\\\/\\\/wearesabor.com\\\/sv\\\/personvernerklaering\\\/\",\"url\":\"https:\\\/\\\/wearesabor.com\\\/sv\\\/personvernerklaering\\\/\",\"name\":\"Personvernerkl\u00e6ring - Sabor\",\"isPartOf\":{\"@id\":\"https:\\\/\\\/wearesabor.com\\\/sv\\\/#website\"},\"datePublished\":\"2022-10-13T10:34:18+00:00\",\"dateModified\":\"2023-07-31T11:08:15+00:00\",\"breadcrumb\":{\"@id\":\"https:\\\/\\\/wearesabor.com\\\/sv\\\/personvernerklaering\\\/#breadcrumb\"},\"inLanguage\":\"sv-SE\",\"potentialAction\":[{\"@type\":\"ReadAction\",\"target\":[\"https:\\\/\\\/wearesabor.com\\\/sv\\\/personvernerklaering\\\/\"]}]},{\"@type\":\"BreadcrumbList\",\"@id\":\"https:\\\/\\\/wearesabor.com\\\/sv\\\/personvernerklaering\\\/#breadcrumb\",\"itemListElement\":[{\"@type\":\"ListItem\",\"position\":1,\"name\":\"Home\",\"item\":\"http:\\\/\\\/wearesabor.com\\\/\"},{\"@type\":\"ListItem\",\"position\":2,\"name\":\"Personvernerkl\u00e6ring\"}]},{\"@type\":\"WebSite\",\"@id\":\"https:\\\/\\\/wearesabor.com\\\/sv\\\/#website\",\"url\":\"https:\\\/\\\/wearesabor.com\\\/sv\\\/\",\"name\":\"Sabor\",\"description\":\"\",\"publisher\":{\"@id\":\"https:\\\/\\\/wearesabor.com\\\/sv\\\/#organization\"},\"potentialAction\":[{\"@type\":\"SearchAction\",\"target\":{\"@type\":\"EntryPoint\",\"urlTemplate\":\"https:\\\/\\\/wearesabor.com\\\/sv\\\/?s={search_term_string}\"},\"query-input\":{\"@type\":\"PropertyValueSpecification\",\"valueRequired\":true,\"valueName\":\"search_term_string\"}}],\"inLanguage\":\"sv-SE\"},{\"@type\":\"Organization\",\"@id\":\"https:\\\/\\\/wearesabor.com\\\/sv\\\/#organization\",\"name\":\"Sabor\",\"url\":\"https:\\\/\\\/wearesabor.com\\\/sv\\\/\",\"logo\":{\"@type\":\"ImageObject\",\"inLanguage\":\"sv-SE\",\"@id\":\"https:\\\/\\\/wearesabor.com\\\/sv\\\/#\\\/schema\\\/logo\\\/image\\\/\",\"url\":\"https:\\\/\\\/sabor.wpengine.com\\\/wp-content\\\/uploads\\\/2022\\\/12\\\/Sabor-Logo-\u2013-dark.png\",\"contentUrl\":\"https:\\\/\\\/sabor.wpengine.com\\\/wp-content\\\/uploads\\\/2022\\\/12\\\/Sabor-Logo-\u2013-dark.png\",\"width\":200,\"height\":56,\"caption\":\"Sabor\"},\"image\":{\"@id\":\"https:\\\/\\\/wearesabor.com\\\/sv\\\/#\\\/schema\\\/logo\\\/image\\\/\"}}]}<\/script>\n<!-- \/ Yoast SEO plugin. -->","yoast_head_json":{"title":"Personvernerkl\u00e6ring - Sabor","robots":{"index":"index","follow":"follow","max-snippet":"max-snippet:-1","max-image-preview":"max-image-preview:large","max-video-preview":"max-video-preview:-1"},"canonical":"https:\/\/wearesabor.com\/sv\/personvernerklaering\/","og_locale":"sv_SE","og_type":"article","og_title":"Personvernerkl\u00e6ring - Sabor","og_description":"N\u00e5r du bruker www.wearesabor.no, gir du oss tilgang til opplysninger om deg. I denne personvernerkl\u00e6ringen forklarer vi hvordan vi behandler personopplysninger, hva slags personopplysninger disse behandlingsaktivitetene inneb\u00e6rer samt hvilket form\u00e5l og rettslig grunnlag disse aktivitetene har. Hva er personopplysninger? Personopplysninger er enhver opplysning om en identifisert eller identifiserbar fysisk person. For eksempel navn, bosted, telefonnummer, [&hellip;]","og_url":"https:\/\/wearesabor.com\/sv\/personvernerklaering\/","og_site_name":"Sabor","article_modified_time":"2023-07-31T11:08:15+00:00","twitter_card":"summary_large_image","twitter_misc":{"Ber\u00e4knad l\u00e4stid":"7 minuter"},"schema":{"@context":"https:\/\/schema.org","@graph":[{"@type":"WebPage","@id":"https:\/\/wearesabor.com\/sv\/personvernerklaering\/","url":"https:\/\/wearesabor.com\/sv\/personvernerklaering\/","name":"Personvernerkl\u00e6ring - Sabor","isPartOf":{"@id":"https:\/\/wearesabor.com\/sv\/#website"},"datePublished":"2022-10-13T10:34:18+00:00","dateModified":"2023-07-31T11:08:15+00:00","breadcrumb":{"@id":"https:\/\/wearesabor.com\/sv\/personvernerklaering\/#breadcrumb"},"inLanguage":"sv-SE","potentialAction":[{"@type":"ReadAction","target":["https:\/\/wearesabor.com\/sv\/personvernerklaering\/"]}]},{"@type":"BreadcrumbList","@id":"https:\/\/wearesabor.com\/sv\/personvernerklaering\/#breadcrumb","itemListElement":[{"@type":"ListItem","position":1,"name":"Home","item":"http:\/\/wearesabor.com\/"},{"@type":"ListItem","position":2,"name":"Personvernerkl\u00e6ring"}]},{"@type":"WebSite","@id":"https:\/\/wearesabor.com\/sv\/#website","url":"https:\/\/wearesabor.com\/sv\/","name":"Sabor","description":"","publisher":{"@id":"https:\/\/wearesabor.com\/sv\/#organization"},"potentialAction":[{"@type":"SearchAction","target":{"@type":"EntryPoint","urlTemplate":"https:\/\/wearesabor.com\/sv\/?s={search_term_string}"},"query-input":{"@type":"PropertyValueSpecification","valueRequired":true,"valueName":"search_term_string"}}],"inLanguage":"sv-SE"},{"@type":"Organization","@id":"https:\/\/wearesabor.com\/sv\/#organization","name":"Sabor","url":"https:\/\/wearesabor.com\/sv\/","logo":{"@type":"ImageObject","inLanguage":"sv-SE","@id":"https:\/\/wearesabor.com\/sv\/#\/schema\/logo\/image\/","url":"https:\/\/sabor.wpengine.com\/wp-content\/uploads\/2022\/12\/Sabor-Logo-\u2013-dark.png","contentUrl":"https:\/\/sabor.wpengine.com\/wp-content\/uploads\/2022\/12\/Sabor-Logo-\u2013-dark.png","width":200,"height":56,"caption":"Sabor"},"image":{"@id":"https:\/\/wearesabor.com\/sv\/#\/schema\/logo\/image\/"}}]}},"lang":"nb","translations":{"nb":790},"_links":{"self":[{"href":"https:\/\/wearesabor.com\/sv\/wp-json\/wp\/v2\/pages\/790","targetHints":{"allow":["GET"]}}],"collection":[{"href":"https:\/\/wearesabor.com\/sv\/wp-json\/wp\/v2\/pages"}],"about":[{"href":"https:\/\/wearesabor.com\/sv\/wp-json\/wp\/v2\/types\/page"}],"author":[{"embeddable":true,"href":"https:\/\/wearesabor.com\/sv\/wp-json\/wp\/v2\/users\/1"}],"replies":[{"embeddable":true,"href":"https:\/\/wearesabor.com\/sv\/wp-json\/wp\/v2\/comments?post=790"}],"version-history":[{"count":0,"href":"https:\/\/wearesabor.com\/sv\/wp-json\/wp\/v2\/pages\/790\/revisions"}],"wp:attachment":[{"href":"https:\/\/wearesabor.com\/sv\/wp-json\/wp\/v2\/media?parent=790"}],"curies":[{"name":"wp","href":"https:\/\/api.w.org\/{rel}","templated":true}]}}