{"id":777,"date":"2022-10-13T10:11:09","date_gmt":"2022-10-13T10:11:09","guid":{"rendered":"https:\/\/sabor.wpengine.com\/?page_id=777"},"modified":"2022-12-14T09:08:35","modified_gmt":"2022-12-14T09:08:35","slug":"om-sabor","status":"publish","type":"page","link":"https:\/\/wearesabor.com\/sv\/om-sabor\/","title":{"rendered":"Om Sabor"},"content":{"rendered":"<p>Sabor distrubueres i dag av <a href=\"https:\/\/homebrands.no\/\" target=\"_blank\" rel=\"noopener\">Home Brand AS<\/a>.<\/p>\n<p>Vi har alltid lagt vekt p\u00e5 lekkert design i utformingen av v\u00e5re produkter, samtidig som vi har tatt h\u00f8yde for det meste: Travel hverdagsmiddag, r\u00f8ff behandling, h\u00f8ye temperaturer og enkelt vedlikehold. Sammen med v\u00e5re kunder har vi utviklet produkter som gj\u00f8r det enklere \u00e5 lykkes med matlaging<\/p>\n<p>V\u00e5r visjon er at det skal v\u00e6re en stolt Sabor-kokk p\u00e5 alle nordiske kj\u00f8kken. Vi vil jobbe for at alle som eier et Sabor-produkt skal kjenne f\u00f8lelsen av kontroll, smaken av \u00e5 lykkes<\/p>","protected":false},"excerpt":{"rendered":"<p>Sabor distrubueres i dag av Home Brand AS. Vi har alltid lagt vekt p\u00e5 lekkert design i utformingen av v\u00e5re produkter, samtidig som vi har tatt h\u00f8yde for det meste: Travel hverdagsmiddag, r\u00f8ff behandling, h\u00f8ye temperaturer og enkelt vedlikehold. Sammen med v\u00e5re kunder har vi utviklet produkter som gj\u00f8r det enklere \u00e5 lykkes med matlaging [&hellip;]<\/p>\n","protected":false},"author":1,"featured_media":27,"parent":0,"menu_order":0,"comment_status":"closed","ping_status":"closed","template":"","meta":{"_acf_changed":false,"footnotes":""},"class_list":["post-777","page","type-page","status-publish","hentry"],"acf":[],"yoast_head":"<!-- This site is optimized with the Yoast SEO plugin v27.3 - https:\/\/yoast.com\/product\/yoast-seo-wordpress\/ -->\n<title>Om Sabor - Sabor<\/title>\n<meta name=\"description\" content=\"20 \u00e5rs ekspertise kokt ned til en serie produkter med solide egenskaper og profesjonell ytelse.\" \/>\n<meta name=\"robots\" content=\"index, follow, max-snippet:-1, max-image-preview:large, max-video-preview:-1\" \/>\n<link rel=\"canonical\" href=\"https:\/\/wearesabor.com\/sv\/om-sabor\/\" \/>\n<meta property=\"og:locale\" content=\"sv_SE\" \/>\n<meta property=\"og:type\" content=\"article\" \/>\n<meta property=\"og:title\" content=\"Om Sabor - Sabor\" \/>\n<meta property=\"og:description\" content=\"20 \u00e5rs ekspertise kokt ned til en serie produkter med solide egenskaper og profesjonell ytelse.\" \/>\n<meta property=\"og:url\" content=\"https:\/\/wearesabor.com\/sv\/om-sabor\/\" \/>\n<meta property=\"og:site_name\" content=\"Sabor\" \/>\n<meta property=\"article:modified_time\" content=\"2022-12-14T09:08:35+00:00\" \/>\n<meta property=\"og:image\" content=\"https:\/\/d31pd0bjwrcd8b.cloudfront.net\/wp-content\/uploads\/2022\/08\/05165200\/Sabor-Viltgryte-tyttebaer-einerbaer_46200542_Sabor_Juni21_001.jpg\" \/>\n\t<meta property=\"og:image:width\" content=\"2000\" \/>\n\t<meta property=\"og:image:height\" content=\"1333\" \/>\n\t<meta property=\"og:image:type\" content=\"image\/jpeg\" \/>\n<meta name=\"twitter:card\" content=\"summary_large_image\" \/>\n<meta name=\"twitter:label1\" content=\"Ber\u00e4knad l\u00e4stid\" \/>\n\t<meta name=\"twitter:data1\" content=\"1 minut\" \/>\n<script type=\"application\/ld+json\" class=\"yoast-schema-graph\">{\"@context\":\"https:\\\/\\\/schema.org\",\"@graph\":[{\"@type\":\"WebPage\",\"@id\":\"https:\\\/\\\/wearesabor.com\\\/sv\\\/om-sabor\\\/\",\"url\":\"https:\\\/\\\/wearesabor.com\\\/sv\\\/om-sabor\\\/\",\"name\":\"Om Sabor - Sabor\",\"isPartOf\":{\"@id\":\"https:\\\/\\\/wearesabor.com\\\/sv\\\/#website\"},\"primaryImageOfPage\":{\"@id\":\"https:\\\/\\\/wearesabor.com\\\/sv\\\/om-sabor\\\/#primaryimage\"},\"image\":{\"@id\":\"https:\\\/\\\/wearesabor.com\\\/sv\\\/om-sabor\\\/#primaryimage\"},\"thumbnailUrl\":\"https:\\\/\\\/d31pd0bjwrcd8b.cloudfront.net\\\/wp-content\\\/uploads\\\/2022\\\/08\\\/05165200\\\/Sabor-Viltgryte-tyttebaer-einerbaer_46200542_Sabor_Juni21_001.jpg\",\"datePublished\":\"2022-10-13T10:11:09+00:00\",\"dateModified\":\"2022-12-14T09:08:35+00:00\",\"description\":\"20 \u00e5rs ekspertise kokt ned til en serie produkter med solide egenskaper og profesjonell ytelse.\",\"breadcrumb\":{\"@id\":\"https:\\\/\\\/wearesabor.com\\\/sv\\\/om-sabor\\\/#breadcrumb\"},\"inLanguage\":\"sv-SE\",\"potentialAction\":[{\"@type\":\"ReadAction\",\"target\":[\"https:\\\/\\\/wearesabor.com\\\/sv\\\/om-sabor\\\/\"]}]},{\"@type\":\"ImageObject\",\"inLanguage\":\"sv-SE\",\"@id\":\"https:\\\/\\\/wearesabor.com\\\/sv\\\/om-sabor\\\/#primaryimage\",\"url\":\"https:\\\/\\\/d31pd0bjwrcd8b.cloudfront.net\\\/wp-content\\\/uploads\\\/2022\\\/08\\\/05165200\\\/Sabor-Viltgryte-tyttebaer-einerbaer_46200542_Sabor_Juni21_001.jpg\",\"contentUrl\":\"https:\\\/\\\/d31pd0bjwrcd8b.cloudfront.net\\\/wp-content\\\/uploads\\\/2022\\\/08\\\/05165200\\\/Sabor-Viltgryte-tyttebaer-einerbaer_46200542_Sabor_Juni21_001.jpg\",\"width\":2000,\"height\":1333,\"caption\":\"Viltgryte med tytteb\u00e6r og einerb\u00e6r\"},{\"@type\":\"BreadcrumbList\",\"@id\":\"https:\\\/\\\/wearesabor.com\\\/sv\\\/om-sabor\\\/#breadcrumb\",\"itemListElement\":[{\"@type\":\"ListItem\",\"position\":1,\"name\":\"Home\",\"item\":\"http:\\\/\\\/wearesabor.com\\\/\"},{\"@type\":\"ListItem\",\"position\":2,\"name\":\"Om Sabor\"}]},{\"@type\":\"WebSite\",\"@id\":\"https:\\\/\\\/wearesabor.com\\\/sv\\\/#website\",\"url\":\"https:\\\/\\\/wearesabor.com\\\/sv\\\/\",\"name\":\"Sabor\",\"description\":\"\",\"publisher\":{\"@id\":\"https:\\\/\\\/wearesabor.com\\\/sv\\\/#organization\"},\"potentialAction\":[{\"@type\":\"SearchAction\",\"target\":{\"@type\":\"EntryPoint\",\"urlTemplate\":\"https:\\\/\\\/wearesabor.com\\\/sv\\\/?s={search_term_string}\"},\"query-input\":{\"@type\":\"PropertyValueSpecification\",\"valueRequired\":true,\"valueName\":\"search_term_string\"}}],\"inLanguage\":\"sv-SE\"},{\"@type\":\"Organization\",\"@id\":\"https:\\\/\\\/wearesabor.com\\\/sv\\\/#organization\",\"name\":\"Sabor\",\"url\":\"https:\\\/\\\/wearesabor.com\\\/sv\\\/\",\"logo\":{\"@type\":\"ImageObject\",\"inLanguage\":\"sv-SE\",\"@id\":\"https:\\\/\\\/wearesabor.com\\\/sv\\\/#\\\/schema\\\/logo\\\/image\\\/\",\"url\":\"https:\\\/\\\/sabor.wpengine.com\\\/wp-content\\\/uploads\\\/2022\\\/12\\\/Sabor-Logo-\u2013-dark.png\",\"contentUrl\":\"https:\\\/\\\/sabor.wpengine.com\\\/wp-content\\\/uploads\\\/2022\\\/12\\\/Sabor-Logo-\u2013-dark.png\",\"width\":200,\"height\":56,\"caption\":\"Sabor\"},\"image\":{\"@id\":\"https:\\\/\\\/wearesabor.com\\\/sv\\\/#\\\/schema\\\/logo\\\/image\\\/\"}}]}<\/script>\n<!-- \/ Yoast SEO plugin. -->","yoast_head_json":{"title":"Om Sabor - Sabor","description":"20 \u00e5rs ekspertise kokt ned til en serie produkter med solide egenskaper og profesjonell ytelse.","robots":{"index":"index","follow":"follow","max-snippet":"max-snippet:-1","max-image-preview":"max-image-preview:large","max-video-preview":"max-video-preview:-1"},"canonical":"https:\/\/wearesabor.com\/sv\/om-sabor\/","og_locale":"sv_SE","og_type":"article","og_title":"Om Sabor - Sabor","og_description":"20 \u00e5rs ekspertise kokt ned til en serie produkter med solide egenskaper og profesjonell ytelse.","og_url":"https:\/\/wearesabor.com\/sv\/om-sabor\/","og_site_name":"Sabor","article_modified_time":"2022-12-14T09:08:35+00:00","og_image":[{"width":2000,"height":1333,"url":"https:\/\/d31pd0bjwrcd8b.cloudfront.net\/wp-content\/uploads\/2022\/08\/05165200\/Sabor-Viltgryte-tyttebaer-einerbaer_46200542_Sabor_Juni21_001.jpg","type":"image\/jpeg"}],"twitter_card":"summary_large_image","twitter_misc":{"Ber\u00e4knad l\u00e4stid":"1 minut"},"schema":{"@context":"https:\/\/schema.org","@graph":[{"@type":"WebPage","@id":"https:\/\/wearesabor.com\/sv\/om-sabor\/","url":"https:\/\/wearesabor.com\/sv\/om-sabor\/","name":"Om Sabor - Sabor","isPartOf":{"@id":"https:\/\/wearesabor.com\/sv\/#website"},"primaryImageOfPage":{"@id":"https:\/\/wearesabor.com\/sv\/om-sabor\/#primaryimage"},"image":{"@id":"https:\/\/wearesabor.com\/sv\/om-sabor\/#primaryimage"},"thumbnailUrl":"https:\/\/d31pd0bjwrcd8b.cloudfront.net\/wp-content\/uploads\/2022\/08\/05165200\/Sabor-Viltgryte-tyttebaer-einerbaer_46200542_Sabor_Juni21_001.jpg","datePublished":"2022-10-13T10:11:09+00:00","dateModified":"2022-12-14T09:08:35+00:00","description":"20 \u00e5rs ekspertise kokt ned til en serie produkter med solide egenskaper og profesjonell ytelse.","breadcrumb":{"@id":"https:\/\/wearesabor.com\/sv\/om-sabor\/#breadcrumb"},"inLanguage":"sv-SE","potentialAction":[{"@type":"ReadAction","target":["https:\/\/wearesabor.com\/sv\/om-sabor\/"]}]},{"@type":"ImageObject","inLanguage":"sv-SE","@id":"https:\/\/wearesabor.com\/sv\/om-sabor\/#primaryimage","url":"https:\/\/d31pd0bjwrcd8b.cloudfront.net\/wp-content\/uploads\/2022\/08\/05165200\/Sabor-Viltgryte-tyttebaer-einerbaer_46200542_Sabor_Juni21_001.jpg","contentUrl":"https:\/\/d31pd0bjwrcd8b.cloudfront.net\/wp-content\/uploads\/2022\/08\/05165200\/Sabor-Viltgryte-tyttebaer-einerbaer_46200542_Sabor_Juni21_001.jpg","width":2000,"height":1333,"caption":"Viltgryte med tytteb\u00e6r og einerb\u00e6r"},{"@type":"BreadcrumbList","@id":"https:\/\/wearesabor.com\/sv\/om-sabor\/#breadcrumb","itemListElement":[{"@type":"ListItem","position":1,"name":"Home","item":"http:\/\/wearesabor.com\/"},{"@type":"ListItem","position":2,"name":"Om Sabor"}]},{"@type":"WebSite","@id":"https:\/\/wearesabor.com\/sv\/#website","url":"https:\/\/wearesabor.com\/sv\/","name":"Sabor","description":"","publisher":{"@id":"https:\/\/wearesabor.com\/sv\/#organization"},"potentialAction":[{"@type":"SearchAction","target":{"@type":"EntryPoint","urlTemplate":"https:\/\/wearesabor.com\/sv\/?s={search_term_string}"},"query-input":{"@type":"PropertyValueSpecification","valueRequired":true,"valueName":"search_term_string"}}],"inLanguage":"sv-SE"},{"@type":"Organization","@id":"https:\/\/wearesabor.com\/sv\/#organization","name":"Sabor","url":"https:\/\/wearesabor.com\/sv\/","logo":{"@type":"ImageObject","inLanguage":"sv-SE","@id":"https:\/\/wearesabor.com\/sv\/#\/schema\/logo\/image\/","url":"https:\/\/sabor.wpengine.com\/wp-content\/uploads\/2022\/12\/Sabor-Logo-\u2013-dark.png","contentUrl":"https:\/\/sabor.wpengine.com\/wp-content\/uploads\/2022\/12\/Sabor-Logo-\u2013-dark.png","width":200,"height":56,"caption":"Sabor"},"image":{"@id":"https:\/\/wearesabor.com\/sv\/#\/schema\/logo\/image\/"}}]}},"lang":"nb","translations":{"nb":777},"_links":{"self":[{"href":"https:\/\/wearesabor.com\/sv\/wp-json\/wp\/v2\/pages\/777","targetHints":{"allow":["GET"]}}],"collection":[{"href":"https:\/\/wearesabor.com\/sv\/wp-json\/wp\/v2\/pages"}],"about":[{"href":"https:\/\/wearesabor.com\/sv\/wp-json\/wp\/v2\/types\/page"}],"author":[{"embeddable":true,"href":"https:\/\/wearesabor.com\/sv\/wp-json\/wp\/v2\/users\/1"}],"replies":[{"embeddable":true,"href":"https:\/\/wearesabor.com\/sv\/wp-json\/wp\/v2\/comments?post=777"}],"version-history":[{"count":0,"href":"https:\/\/wearesabor.com\/sv\/wp-json\/wp\/v2\/pages\/777\/revisions"}],"wp:featuredmedia":[{"embeddable":true,"href":"https:\/\/wearesabor.com\/sv\/wp-json\/wp\/v2\/media\/27"}],"wp:attachment":[{"href":"https:\/\/wearesabor.com\/sv\/wp-json\/wp\/v2\/media?parent=777"}],"curies":[{"name":"wp","href":"https:\/\/api.w.org\/{rel}","templated":true}]}}